{"id":876,"date":"2019-12-05T15:59:37","date_gmt":"2019-12-05T14:59:37","guid":{"rendered":"https:\/\/www.loewen-post.it\/impressum\/"},"modified":"2022-05-09T17:17:09","modified_gmt":"2022-05-09T15:17:09","slug":"impressum","status":"publish","type":"page","link":"https:\/\/www.loewen-post.it\/en\/impressum\/","title":{"rendered":"Legal Notes"},"content":{"rendered":"\n<p>Bildernachwei\u00df: IDM S\u00fcdtirol\/oooyeah.de\/Alex Filz\/Helmuth Rier\/Tourismusverein Wandergebiet Naturpark Trudner Horn\/Siegfried Unterkircher\/Roland Pernter<\/p>\n\n\n\n<button href=\"#consent-change\" id=\"rcb-sc-link-change\" data-success-message=\"\" class=\"rcb-sc-link rcb-sc-link-change \">Changing privacy settings<\/button>\n\n\n\n<button href=\"#consent-history\" id=\"rcb-sc-link-history\" data-success-message=\"\" class=\"rcb-sc-link rcb-sc-link-history \">History of privacy settings<\/button>\n\n\n\n<button href=\"#consent-revoke\" id=\"rcb-sc-link-revoke\" data-success-message=\"You have successfully revoked your consent. The page will now be reloaded.\" class=\"rcb-sc-link rcb-sc-link-revoke \">Revoking consents<\/button>\n","protected":false},"excerpt":{"rendered":"<p>Bildernachwei\u00df: IDM S\u00fcdtirol\/oooyeah.de\/Alex Filz\/Helmuth Rier\/Tourismusverein Wandergebiet Naturpark Trudner Horn\/Siegfried Unterkircher\/Roland Pernter<\/p>\n","protected":false},"author":1,"featured_media":0,"parent":0,"menu_order":16,"comment_status":"closed","ping_status":"closed","template":"template-dsgvo-impressum.php","meta":[],"acf":[],"yoast_head":"<!-- This site is optimized with the Yoast SEO plugin v19.7.1 - https:\/\/yoast.com\/wordpress\/plugins\/seo\/ -->\n<title>Legal Notes - Hotel Zum L\u00f6wen Post<\/title>\n<meta name=\"robots\" content=\"index, follow, max-snippet:-1, max-image-preview:large, max-video-preview:-1\" \/>\n<link rel=\"canonical\" href=\"https:\/\/www.loewen-post.it\/en\/impressum\/\" \/>\n<meta property=\"og:locale\" content=\"en_US\" \/>\n<meta property=\"og:type\" content=\"article\" \/>\n<meta property=\"og:title\" content=\"Legal Notes - Hotel Zum L\u00f6wen Post\" \/>\n<meta property=\"og:description\" content=\"Bildernachwei\u00df: IDM S\u00fcdtirol\/oooyeah.de\/Alex Filz\/Helmuth Rier\/Tourismusverein Wandergebiet Naturpark Trudner Horn\/Siegfried Unterkircher\/Roland Pernter\" \/>\n<meta property=\"og:url\" content=\"https:\/\/www.loewen-post.it\/en\/impressum\/\" \/>\n<meta property=\"og:site_name\" content=\"Hotel Zum L\u00f6wen Post\" \/>\n<meta property=\"article:modified_time\" content=\"2022-05-09T15:17:09+00:00\" \/>\n<meta name=\"twitter:card\" content=\"summary_large_image\" \/>\n<meta name=\"twitter:label1\" content=\"Est. reading time\" \/>\n\t<meta name=\"twitter:data1\" content=\"1 minute\" \/>\n<script type=\"application\/ld+json\" class=\"yoast-schema-graph\">{\"@context\":\"https:\/\/schema.org\",\"@graph\":[{\"@type\":\"WebPage\",\"@id\":\"https:\/\/www.loewen-post.it\/en\/impressum\/\",\"url\":\"https:\/\/www.loewen-post.it\/en\/impressum\/\",\"name\":\"Legal Notes - Hotel Zum L\u00f6wen Post\",\"isPartOf\":{\"@id\":\"https:\/\/www.loewen-post.it\/en\/#website\"},\"datePublished\":\"2019-12-05T14:59:37+00:00\",\"dateModified\":\"2022-05-09T15:17:09+00:00\",\"breadcrumb\":{\"@id\":\"https:\/\/www.loewen-post.it\/en\/impressum\/#breadcrumb\"},\"inLanguage\":\"en-US\",\"potentialAction\":[{\"@type\":\"ReadAction\",\"target\":[\"https:\/\/www.loewen-post.it\/en\/impressum\/\"]}]},{\"@type\":\"BreadcrumbList\",\"@id\":\"https:\/\/www.loewen-post.it\/en\/impressum\/#breadcrumb\",\"itemListElement\":[{\"@type\":\"ListItem\",\"position\":1,\"name\":\"Startseite\",\"item\":\"https:\/\/www.loewen-post.it\/en\/\"},{\"@type\":\"ListItem\",\"position\":2,\"name\":\"Legal Notes\"}]},{\"@type\":\"WebSite\",\"@id\":\"https:\/\/www.loewen-post.it\/en\/#website\",\"url\":\"https:\/\/www.loewen-post.it\/en\/\",\"name\":\"Hotel Zum L\u00f6wen Post\",\"description\":\"\",\"potentialAction\":[{\"@type\":\"SearchAction\",\"target\":{\"@type\":\"EntryPoint\",\"urlTemplate\":\"https:\/\/www.loewen-post.it\/en\/?s={search_term_string}\"},\"query-input\":\"required name=search_term_string\"}],\"inLanguage\":\"en-US\"}]}<\/script>\n<!-- \/ Yoast SEO plugin. -->","yoast_head_json":{"title":"Legal Notes - Hotel Zum L\u00f6wen Post","robots":{"index":"index","follow":"follow","max-snippet":"max-snippet:-1","max-image-preview":"max-image-preview:large","max-video-preview":"max-video-preview:-1"},"canonical":"https:\/\/www.loewen-post.it\/en\/impressum\/","og_locale":"en_US","og_type":"article","og_title":"Legal Notes - Hotel Zum L\u00f6wen Post","og_description":"Bildernachwei\u00df: IDM S\u00fcdtirol\/oooyeah.de\/Alex Filz\/Helmuth Rier\/Tourismusverein Wandergebiet Naturpark Trudner Horn\/Siegfried Unterkircher\/Roland Pernter","og_url":"https:\/\/www.loewen-post.it\/en\/impressum\/","og_site_name":"Hotel Zum L\u00f6wen Post","article_modified_time":"2022-05-09T15:17:09+00:00","twitter_card":"summary_large_image","twitter_misc":{"Est. reading time":"1 minute"},"schema":{"@context":"https:\/\/schema.org","@graph":[{"@type":"WebPage","@id":"https:\/\/www.loewen-post.it\/en\/impressum\/","url":"https:\/\/www.loewen-post.it\/en\/impressum\/","name":"Legal Notes - Hotel Zum L\u00f6wen Post","isPartOf":{"@id":"https:\/\/www.loewen-post.it\/en\/#website"},"datePublished":"2019-12-05T14:59:37+00:00","dateModified":"2022-05-09T15:17:09+00:00","breadcrumb":{"@id":"https:\/\/www.loewen-post.it\/en\/impressum\/#breadcrumb"},"inLanguage":"en-US","potentialAction":[{"@type":"ReadAction","target":["https:\/\/www.loewen-post.it\/en\/impressum\/"]}]},{"@type":"BreadcrumbList","@id":"https:\/\/www.loewen-post.it\/en\/impressum\/#breadcrumb","itemListElement":[{"@type":"ListItem","position":1,"name":"Startseite","item":"https:\/\/www.loewen-post.it\/en\/"},{"@type":"ListItem","position":2,"name":"Legal Notes"}]},{"@type":"WebSite","@id":"https:\/\/www.loewen-post.it\/en\/#website","url":"https:\/\/www.loewen-post.it\/en\/","name":"Hotel Zum L\u00f6wen Post","description":"","potentialAction":[{"@type":"SearchAction","target":{"@type":"EntryPoint","urlTemplate":"https:\/\/www.loewen-post.it\/en\/?s={search_term_string}"},"query-input":"required name=search_term_string"}],"inLanguage":"en-US"}]}},"_links":{"self":[{"href":"https:\/\/www.loewen-post.it\/en\/wp-json\/wp\/v2\/pages\/876"}],"collection":[{"href":"https:\/\/www.loewen-post.it\/en\/wp-json\/wp\/v2\/pages"}],"about":[{"href":"https:\/\/www.loewen-post.it\/en\/wp-json\/wp\/v2\/types\/page"}],"author":[{"embeddable":true,"href":"https:\/\/www.loewen-post.it\/en\/wp-json\/wp\/v2\/users\/1"}],"replies":[{"embeddable":true,"href":"https:\/\/www.loewen-post.it\/en\/wp-json\/wp\/v2\/comments?post=876"}],"version-history":[{"count":2,"href":"https:\/\/www.loewen-post.it\/en\/wp-json\/wp\/v2\/pages\/876\/revisions"}],"predecessor-version":[{"id":1522,"href":"https:\/\/www.loewen-post.it\/en\/wp-json\/wp\/v2\/pages\/876\/revisions\/1522"}],"wp:attachment":[{"href":"https:\/\/www.loewen-post.it\/en\/wp-json\/wp\/v2\/media?parent=876"}],"curies":[{"name":"wp","href":"https:\/\/api.w.org\/{rel}","templated":true}]}}